{"id":3726,"date":"2023-10-25T21:53:05","date_gmt":"2023-10-25T19:53:05","guid":{"rendered":"https:\/\/sescol.net\/?page_id=3726"},"modified":"2023-11-01T17:08:01","modified_gmt":"2023-11-01T16:08:01","slug":"aviso-de-privacidad","status":"publish","type":"page","link":"https:\/\/gtccorporation.com\/wordpress\/?page_id=3726","title":{"rendered":"Aviso de Privacidad"},"content":{"rendered":"\t\t<div data-elementor-type=\"wp-page\" data-elementor-id=\"3726\" class=\"elementor elementor-3726\">\n\t\t\t\t\t\t<section class=\"elementor-section elementor-top-section elementor-element elementor-element-3675114 elementor-section-height-min-height elementor-section-boxed elementor-section-height-default elementor-section-items-middle wpr-particle-no wpr-jarallax-no wpr-parallax-no wpr-sticky-section-no\" data-id=\"3675114\" data-element_type=\"section\" data-settings=\"{&quot;background_background&quot;:&quot;classic&quot;}\">\n\t\t\t\t\t\t\t<div class=\"elementor-background-overlay\"><\/div>\n\t\t\t\t\t\t\t<div class=\"elementor-container elementor-column-gap-default\">\n\t\t\t\t\t<div class=\"elementor-column elementor-col-100 elementor-top-column elementor-element elementor-element-ff09eef\" data-id=\"ff09eef\" data-element_type=\"column\">\n\t\t\t<div class=\"elementor-widget-wrap elementor-element-populated\">\n\t\t\t\t\t\t<div class=\"elementor-element elementor-element-28907e3 wpr-fancy-text-slide wpr-advanced-text-style-animated wpr-animated-text-infinite-yes elementor-widget elementor-widget-wpr-advanced-text\" data-id=\"28907e3\" data-element_type=\"widget\" data-settings=\"{&quot;anim_loop&quot;:&quot;yes&quot;}\" data-widget_type=\"wpr-advanced-text.default\">\n\t\t\t\t<div class=\"elementor-widget-container\">\n\t\t\t\t\t\n\t\t<h3 class=\"wpr-advanced-text\">\n\n\t\t\t\t\t\n\t\t\t\t\t\t\t<span class=\"wpr-advanced-text-preffix\">Pol\u00edtica de Privacidad GTC Corporation<\/span>\n\t\t\t\n\t\t<span class=\"wpr-anim-text wpr-anim-text-type-slide\" data-anim-duration=\"2100,2000\" data-anim-loop=\"yes\">\n\t\t\t<span class=\"wpr-anim-text-inner\">\n\t\t\t\t\t\t\t<\/span>\n\t\t\t\t\t<\/span>\n\n\t\t\t\t\n\t\t<\/h3>\n\t\t\n\t\t\t\t\t\t<\/div>\n\t\t\t\t<\/div>\n\t\t\t\t<div class=\"elementor-element elementor-element-aa9a27d wpr-fancy-text-slide wpr-advanced-text-style-animated wpr-animated-text-infinite-yes elementor-widget elementor-widget-wpr-advanced-text\" data-id=\"aa9a27d\" data-element_type=\"widget\" data-settings=\"{&quot;anim_loop&quot;:&quot;yes&quot;}\" data-widget_type=\"wpr-advanced-text.default\">\n\t\t\t\t<div class=\"elementor-widget-container\">\n\t\t\t\t\t\n\t\t<h3 class=\"wpr-advanced-text\">\n\n\t\t\t\t\t\n\t\t\t\n\t\t<span class=\"wpr-anim-text wpr-anim-text-type-slide\" data-anim-duration=\"2100,2000\" data-anim-loop=\"yes\">\n\t\t\t<span class=\"wpr-anim-text-inner\">\n\t\t\t\t\t\t\t\t\t<b>Tu informaci\u00f3n es muy importante para nosotros.<\/b>\n\t\t\t\t\t\t\t<\/span>\n\t\t\t\t\t<\/span>\n\n\t\t\t\t\n\t\t<\/h3>\n\t\t\n\t\t\t\t\t\t<\/div>\n\t\t\t\t<\/div>\n\t\t\t\t\t<\/div>\n\t\t<\/div>\n\t\t\t\t\t<\/div>\n\t\t<\/section>\n\t\t\t\t<section class=\"elementor-section elementor-top-section elementor-element elementor-element-ff71d18 elementor-section-boxed elementor-section-height-default elementor-section-height-default wpr-particle-no wpr-jarallax-no wpr-parallax-no wpr-sticky-section-no\" data-id=\"ff71d18\" data-element_type=\"section\">\n\t\t\t\t\t\t<div class=\"elementor-container elementor-column-gap-default\">\n\t\t\t\t\t<div class=\"elementor-column elementor-col-100 elementor-top-column elementor-element elementor-element-3797106\" data-id=\"3797106\" data-element_type=\"column\">\n\t\t\t<div class=\"elementor-widget-wrap elementor-element-populated\">\n\t\t\t\t\t\t<div class=\"elementor-element elementor-element-f8d497d elementor-widget elementor-widget-text-editor\" data-id=\"f8d497d\" data-element_type=\"widget\" data-widget_type=\"text-editor.default\">\n\t\t\t\t<div class=\"elementor-widget-container\">\n\t\t\t\t\t\t\t\t\t<p><strong>AVISO DE PRIVACIDAD<\/strong><\/p><p>De acuerdo con la Ley Estatutaria 1581 de 2012 de Protecci\u00f3n de Datos (LEPD) y normas correspondientes, el presente Aviso de Privacidad tiene como objetivo informar al Titular del proceso de tratamiento de los datos almacenados en nuestra base de datos y si est\u00e1n sujetos a ser compartidos con o transferidos a terceros. La siguiente es nuestra pol\u00edtica de tratamiento de datos:<\/p><p>1. GESTI\u00d3N TECNOL\u00d3GICA &amp; CONTABLE S.A.S. con N\u00famero de Identificaci\u00f3n Fiscal (NIT) 900667015 ser\u00e1 el responsable del tratamiento de sus datos personales.<\/p><p>2. Con el fin de prestar un servicio integral al cliente, los datos personales que recopilamos ser\u00e1n utilizados para las siguientes finalidades: historial, seguimiento cient\u00edfico o estad\u00edstico, gesti\u00f3n de estad\u00edsticas internas, gesti\u00f3n de clientes, historial de transacciones comerciales, marketing, encuestas, prospecci\u00f3n de ventas y publicidad. por nuestra empresa.<\/p><p>3. Proporcionar Datos Sensibles como aquellos que puedan afectar la privacidad, o generar alg\u00fan tipo de discriminaci\u00f3n, o informaci\u00f3n sobre menores de edad es opcional.<\/p><p>4. La pol\u00edtica de tratamiento de datos personales as\u00ed como los cambios importantes realizados en la misma podr\u00e1n ser consultados escribiendo a: protecciondedatos@gtccorporation.com.<\/p><p>5. El Titular de los datos tiene derecho a acceder, modificar, suprimir, revocar o presentar una queja sobre la violaci\u00f3n de sus datos personales mediante solicitud escrita dirigida a:<\/p><p>GESTI\u00d3N TECNOLOGICA &amp; CONTABLE S.A.S.; mediante correo electr\u00f3nico: protecciondedatos@gtccorporation.com indicando en el asunto del correo electr\u00f3nico el derecho que desea ejercer; o por servicio postal dirigido a CR 85C CL 13 A 1 51, CALI, VALLE DEL CAUCA.<\/p>\t\t\t\t\t\t\t\t<\/div>\n\t\t\t\t<\/div>\n\t\t\t\t\t<\/div>\n\t\t<\/div>\n\t\t\t\t\t<\/div>\n\t\t<\/section>\n\t\t\t\t<\/div>\n\t\t","protected":false},"excerpt":{"rendered":"<p>Pol\u00edtica de Privacidad GTC Corporation Tu informaci\u00f3n es muy importante para nosotros. AVISO DE PRIVACIDAD De acuerdo con la Ley Estatutaria 1581 de 2012 de Protecci\u00f3n de Datos (LEPD) y normas correspondientes, el presente Aviso de Privacidad tiene como objetivo informar al Titular del proceso de tratamiento de los datos almacenados en nuestra base de datos y si est\u00e1n sujetos a ser compartidos con o transferidos a terceros. La siguiente es nuestra pol\u00edtica de tratamiento de datos: 1. GESTI\u00d3N TECNOL\u00d3GICA &amp; CONTABLE S.A.S. con N\u00famero de Identificaci\u00f3n Fiscal (NIT) 900667015 ser\u00e1 el responsable del tratamiento de sus datos personales. 2. Con el fin de prestar un servicio integral al cliente, los datos personales que recopilamos ser\u00e1n utilizados para las siguientes finalidades: historial, seguimiento cient\u00edfico o estad\u00edstico, gesti\u00f3n de estad\u00edsticas internas, gesti\u00f3n de clientes, historial de transacciones comerciales, marketing, encuestas, prospecci\u00f3n de ventas y publicidad. por nuestra empresa. 3. Proporcionar Datos Sensibles como aquellos que puedan afectar la privacidad, o generar alg\u00fan tipo de discriminaci\u00f3n, o informaci\u00f3n sobre menores de edad es opcional. 4. La pol\u00edtica de tratamiento de datos personales as\u00ed como los cambios importantes realizados en la misma podr\u00e1n ser consultados escribiendo a: protecciondedatos@gtccorporation.com. 5. El Titular de los datos tiene derecho a acceder, modificar, suprimir, revocar o presentar una queja sobre la violaci\u00f3n de sus datos personales mediante solicitud escrita dirigida a: GESTI\u00d3N TECNOLOGICA &amp; CONTABLE S.A.S.; mediante correo electr\u00f3nico: protecciondedatos@gtccorporation.com indicando en el asunto del correo electr\u00f3nico el derecho que desea ejercer; o por servicio postal dirigido a CR 85C CL 13 A 1 51, CALI, VALLE DEL CAUCA.<\/p>\n","protected":false},"author":1,"featured_media":0,"parent":0,"menu_order":0,"comment_status":"closed","ping_status":"closed","template":"","meta":{"_monsterinsights_skip_tracking":false,"_monsterinsights_sitenote_active":false,"_monsterinsights_sitenote_note":"","_monsterinsights_sitenote_category":0,"site-sidebar-layout":"no-sidebar","site-content-layout":"","ast-site-content-layout":"full-width-container","site-content-style":"default","site-sidebar-style":"default","ast-global-header-display":"","ast-banner-title-visibility":"","ast-main-header-display":"","ast-hfb-above-header-display":"","ast-hfb-below-header-display":"","ast-hfb-mobile-header-display":"","site-post-title":"disabled","ast-breadcrumbs-content":"","ast-featured-img":"disabled","footer-sml-layout":"","theme-transparent-header-meta":"","adv-header-id-meta":"","stick-header-meta":"","header-above-stick-meta":"","header-main-stick-meta":"","header-below-stick-meta":"","astra-migrate-meta-layouts":"","footnotes":""},"class_list":["post-3726","page","type-page","status-publish","hentry"],"_links":{"self":[{"href":"https:\/\/gtccorporation.com\/wordpress\/index.php?rest_route=\/wp\/v2\/pages\/3726","targetHints":{"allow":["GET"]}}],"collection":[{"href":"https:\/\/gtccorporation.com\/wordpress\/index.php?rest_route=\/wp\/v2\/pages"}],"about":[{"href":"https:\/\/gtccorporation.com\/wordpress\/index.php?rest_route=\/wp\/v2\/types\/page"}],"author":[{"embeddable":true,"href":"https:\/\/gtccorporation.com\/wordpress\/index.php?rest_route=\/wp\/v2\/users\/1"}],"replies":[{"embeddable":true,"href":"https:\/\/gtccorporation.com\/wordpress\/index.php?rest_route=%2Fwp%2Fv2%2Fcomments&post=3726"}],"version-history":[{"count":14,"href":"https:\/\/gtccorporation.com\/wordpress\/index.php?rest_route=\/wp\/v2\/pages\/3726\/revisions"}],"predecessor-version":[{"id":3826,"href":"https:\/\/gtccorporation.com\/wordpress\/index.php?rest_route=\/wp\/v2\/pages\/3726\/revisions\/3826"}],"wp:attachment":[{"href":"https:\/\/gtccorporation.com\/wordpress\/index.php?rest_route=%2Fwp%2Fv2%2Fmedia&parent=3726"}],"curies":[{"name":"wp","href":"https:\/\/api.w.org\/{rel}","templated":true}]}}