{"id":2235,"date":"2023-10-09T21:13:02","date_gmt":"2023-10-09T19:13:02","guid":{"rendered":"https:\/\/sescol.net\/?page_id=2235"},"modified":"2024-02-27T20:00:43","modified_gmt":"2024-02-27T19:00:43","slug":"as400","status":"publish","type":"page","link":"https:\/\/gtccorporation.com\/wordpress\/?page_id=2235","title":{"rendered":"AS400"},"content":{"rendered":"\t\t<div data-elementor-type=\"wp-page\" data-elementor-id=\"2235\" class=\"elementor elementor-2235\">\n\t\t\t\t\t\t<section class=\"elementor-section elementor-top-section elementor-element elementor-element-922d7ec elementor-section-height-min-height elementor-section-boxed elementor-section-height-default elementor-section-items-middle wpr-particle-no wpr-jarallax-no wpr-parallax-no wpr-sticky-section-no\" data-id=\"922d7ec\" data-element_type=\"section\" data-settings=\"{&quot;background_background&quot;:&quot;classic&quot;}\">\n\t\t\t\t\t\t\t<div class=\"elementor-background-overlay\"><\/div>\n\t\t\t\t\t\t\t<div class=\"elementor-container elementor-column-gap-default\">\n\t\t\t\t\t<div class=\"elementor-column elementor-col-100 elementor-top-column elementor-element elementor-element-2b721f6\" data-id=\"2b721f6\" data-element_type=\"column\">\n\t\t\t<div class=\"elementor-widget-wrap elementor-element-populated\">\n\t\t\t\t\t\t<div class=\"elementor-element elementor-element-227463a wpr-fancy-text-slide wpr-advanced-text-style-animated wpr-animated-text-infinite-yes elementor-widget elementor-widget-wpr-advanced-text\" data-id=\"227463a\" data-element_type=\"widget\" data-settings=\"{&quot;anim_loop&quot;:&quot;yes&quot;}\" data-widget_type=\"wpr-advanced-text.default\">\n\t\t\t\t<div class=\"elementor-widget-container\">\n\t\t\t\t\t\n\t\t<h3 class=\"wpr-advanced-text\">\n\n\t\t\t\t\t\n\t\t\t\t\t\t\t<span class=\"wpr-advanced-text-preffix\">Expertos en desarrollo en RPG, Cobol y Java para AS\/400<\/span>\n\t\t\t\n\t\t<span class=\"wpr-anim-text wpr-anim-text-type-slide\" data-anim-duration=\"2100,2000\" data-anim-loop=\"yes\">\n\t\t\t<span class=\"wpr-anim-text-inner\">\n\t\t\t\t\t\t\t<\/span>\n\t\t\t\t\t<\/span>\n\n\t\t\t\t\n\t\t<\/h3>\n\t\t\n\t\t\t\t\t\t<\/div>\n\t\t\t\t<\/div>\n\t\t\t\t<div class=\"elementor-element elementor-element-5a5271d elementor-widget elementor-widget-text-editor\" data-id=\"5a5271d\" data-element_type=\"widget\" data-widget_type=\"text-editor.default\">\n\t\t\t\t<div class=\"elementor-widget-container\">\n\t\t\t\t\t\t\t\t\t<p>Nuestra trayectoria en proyectos de Alta Disponibilidad en el entorno <strong>IBM i (AS\/400)<\/strong> con herramientas de desarrollo de aplicaciones, en<strong> RPG, Cobol, Java<\/strong> y otras, para integraciones, nos dan un conocimiento extenso y profundo del sistema, que han estado cultivando nuestros t\u00e9cnicos y desarrolladores a lo largo de cientos de proyectos.<\/p>\t\t\t\t\t\t\t\t<\/div>\n\t\t\t\t<\/div>\n\t\t\t\t\t<\/div>\n\t\t<\/div>\n\t\t\t\t\t<\/div>\n\t\t<\/section>\n\t\t\t\t<section class=\"elementor-section elementor-top-section elementor-element elementor-element-24aa5ac elementor-section-boxed elementor-section-height-default elementor-section-height-default wpr-particle-no wpr-jarallax-no wpr-parallax-no wpr-sticky-section-no\" data-id=\"24aa5ac\" data-element_type=\"section\">\n\t\t\t\t\t\t<div class=\"elementor-container elementor-column-gap-default\">\n\t\t\t\t\t<div class=\"elementor-column elementor-col-100 elementor-top-column elementor-element elementor-element-13b85a2\" data-id=\"13b85a2\" data-element_type=\"column\">\n\t\t\t<div class=\"elementor-widget-wrap elementor-element-populated\">\n\t\t\t\t\t\t<div class=\"elementor-element elementor-element-3f9c6c8 elementor-widget elementor-widget-heading\" data-id=\"3f9c6c8\" data-element_type=\"widget\" data-widget_type=\"heading.default\">\n\t\t\t\t<div class=\"elementor-widget-container\">\n\t\t\t\t\t<h2 class=\"elementor-heading-title elementor-size-default\">\u00bfC\u00f3mo ayudamos en la transformaci\u00f3n digital?\n<\/h2>\t\t\t\t<\/div>\n\t\t\t\t<\/div>\n\t\t\t\t\t<\/div>\n\t\t<\/div>\n\t\t\t\t\t<\/div>\n\t\t<\/section>\n\t\t\t\t<section class=\"elementor-section elementor-top-section elementor-element elementor-element-1017e98 elementor-section-boxed elementor-section-height-default elementor-section-height-default wpr-particle-no wpr-jarallax-no wpr-parallax-no wpr-sticky-section-no\" data-id=\"1017e98\" data-element_type=\"section\">\n\t\t\t\t\t\t<div class=\"elementor-container elementor-column-gap-default\">\n\t\t\t\t\t<div class=\"elementor-column elementor-col-100 elementor-top-column elementor-element elementor-element-9c1411a\" data-id=\"9c1411a\" data-element_type=\"column\">\n\t\t\t<div class=\"elementor-widget-wrap elementor-element-populated\">\n\t\t\t\t\t\t<div class=\"elementor-element elementor-element-4384a7e elementor-widget elementor-widget-heading\" data-id=\"4384a7e\" data-element_type=\"widget\" data-widget_type=\"heading.default\">\n\t\t\t\t<div class=\"elementor-widget-container\">\n\t\t\t\t\t<h2 class=\"elementor-heading-title elementor-size-default\">Contamos con m\u00e1s de <b>25 a\u00f1os de experiencia<\/b> creando soluciones en herramientas nativas <br>del <b>AS400 y otras herramientas de integraci\u00f3n<\/b><\/h2>\t\t\t\t<\/div>\n\t\t\t\t<\/div>\n\t\t\t\t\t<\/div>\n\t\t<\/div>\n\t\t\t\t\t<\/div>\n\t\t<\/section>\n\t\t\t\t<section class=\"elementor-section elementor-top-section elementor-element elementor-element-5b3ca06 elementor-section-boxed elementor-section-height-default elementor-section-height-default wpr-particle-no wpr-jarallax-no wpr-parallax-no wpr-sticky-section-no\" data-id=\"5b3ca06\" data-element_type=\"section\">\n\t\t\t\t\t\t<div class=\"elementor-container elementor-column-gap-default\">\n\t\t\t\t\t<div class=\"elementor-column elementor-col-50 elementor-top-column elementor-element elementor-element-643a921\" data-id=\"643a921\" data-element_type=\"column\">\n\t\t\t<div class=\"elementor-widget-wrap elementor-element-populated\">\n\t\t\t\t\t\t<div class=\"elementor-element elementor-element-e8bcd39 wpr-advanced-accordion-icon-side-box elementor-widget elementor-widget-wpr-advanced-accordion\" data-id=\"e8bcd39\" data-element_type=\"widget\" data-settings=\"{&quot;active_item&quot;:1}\" data-widget_type=\"wpr-advanced-accordion.default\">\n\t\t\t\t<div class=\"elementor-widget-container\">\n\t\t\t\t\t\n            <div class=\"wpr-advanced-accordion\" data-accordion-type=\"accordion\" data-active-index=\"1\" data-accordion-trigger=\"click\" data-interaction-speed=\"0.4\">\n\n\t\t\t\n                \n\t\t\t\t\t<div class=\"wpr-accordion-item-wrap\">\n\t\t\t\t\t\t<button class=\"wpr-acc-button\">\n\t\t\t\t\t\t\t<span class=\"wpr-acc-item-title\">\n\t\t\t\t\t\t\t\t\t\t\t\t\t\t\t\t\t<div class=\"wpr-acc-icon-box\">\n\t\t\t\t\t\t\t\t\t\t\t\t\t\t<span class=\"wpr-title-icon\">\n\t\t\t\t\t<i aria-hidden=\"true\" class=\"fas fa-check\"><\/i>\t\t\t\t<\/span>\n\t\t\t\t\t\t\t\t\t\t\t\t<\/div>\n\t\t\t\t\t\t\t\t\n\t\t\t\t\t\t\t\t<span class=\"wpr-acc-title-text\">Contamos con personal experto en AS400<\/span>\n\t\t\t\t\t\t\t<\/span>\n\t\t\t\t\t\t\t\t\t\t\t<span class=\"wpr-toggle-icon wpr-ti-close\"><i aria-hidden=\"true\" class=\"fas fa-plus\"><\/i><\/span>\n\t\t\t\t<span class=\"wpr-toggle-icon wpr-ti-open\"><i aria-hidden=\"true\" class=\"fas fa-minus\"><\/i><\/span>\n\t\t\t\t\t\t\t\t\t<\/button>\n\n\t\t\t\t\t\t<div class=\"wpr-acc-panel\">\n\t\t\t\t\t\t\t\t\t\t\t\t\t\t\t<div class=\"wpr-acc-panel-content\"><p>\u00a0<\/p><p>La longevidad del Sistema IBM <span class=\"error grammar\" title=\"Si es una conjunci\u00f3n, se escribe \u00aby\u00bb.\" data-type=\"grammar\" data-suggestions=\"[{&quot;value&quot;:&quot;y&quot;}]\" data-rule=\"SINGLE_CHARACTER\" data-word=\"i\">i<\/span> y la falta de oferta formativa en este entorno, est\u00e1 generando escasez en el mercado de especialistas en este sistema en general, y de <span class=\"misspelling correction\" title=\"Se ha encontrado un posible error ortogr\u00e1fico.\" data-type=\"misspelling\" data-suggestions=\"[{&quot;value&quot;:&quot;desarrolladores&quot;},{&quot;value&quot;:&quot;de arrolladores&quot;}]\" data-rule=\"MORFOLOGIK_RULE_ES\" data-word=\"dearrolladores\">desarrolladores<\/span> expertos en RPG y COBOL. Para nuestra empresa, el AS400 es uno de los puntos fuertes de nuestro negocio, por eso estamos en condiciones de ofrecer Analistas-Programadores expertos a nuestros clientes, as\u00ed como outsourcing de desarrollo, con la garant\u00eda de nuestra experiencia en este entorno.<\/p><\/div>\n\t\t\t\t\t\t\t\t\t\t\t\t\t<\/div>\n                    <\/div>\n\n                            <\/div>\n        \t\t\t\t<\/div>\n\t\t\t\t<\/div>\n\t\t\t\t\t<\/div>\n\t\t<\/div>\n\t\t\t\t<div class=\"elementor-column elementor-col-50 elementor-top-column elementor-element elementor-element-286d8b1\" data-id=\"286d8b1\" data-element_type=\"column\">\n\t\t\t<div class=\"elementor-widget-wrap elementor-element-populated\">\n\t\t\t\t\t\t<div class=\"elementor-element elementor-element-85c094d elementor-widget elementor-widget-image\" data-id=\"85c094d\" data-element_type=\"widget\" data-widget_type=\"image.default\">\n\t\t\t\t<div class=\"elementor-widget-container\">\n\t\t\t\t\t\t\t\t\t\t\t\t\t\t\t<img fetchpriority=\"high\" decoding=\"async\" width=\"1024\" height=\"1024\" src=\"https:\/\/gtccorporation.com\/wordpress\/wp-content\/uploads\/2024\/02\/expertos_as_400-1.png\" class=\"attachment-large size-large wp-image-4374\" alt=\"\" srcset=\"https:\/\/gtccorporation.com\/wordpress\/wp-content\/uploads\/2024\/02\/expertos_as_400-1.png 1024w, https:\/\/gtccorporation.com\/wordpress\/wp-content\/uploads\/2024\/02\/expertos_as_400-1-300x300.png 300w, https:\/\/gtccorporation.com\/wordpress\/wp-content\/uploads\/2024\/02\/expertos_as_400-1-150x150.png 150w, https:\/\/gtccorporation.com\/wordpress\/wp-content\/uploads\/2024\/02\/expertos_as_400-1-768x768.png 768w\" sizes=\"(max-width: 1024px) 100vw, 1024px\" \/>\t\t\t\t\t\t\t\t\t\t\t\t\t\t\t<\/div>\n\t\t\t\t<\/div>\n\t\t\t\t\t<\/div>\n\t\t<\/div>\n\t\t\t\t\t<\/div>\n\t\t<\/section>\n\t\t\t\t<section class=\"elementor-section elementor-top-section elementor-element elementor-element-c83458e elementor-section-boxed elementor-section-height-default elementor-section-height-default wpr-particle-no wpr-jarallax-no wpr-parallax-no wpr-sticky-section-no\" data-id=\"c83458e\" data-element_type=\"section\">\n\t\t\t\t\t\t<div class=\"elementor-container elementor-column-gap-default\">\n\t\t\t\t\t<div class=\"elementor-column elementor-col-100 elementor-top-column elementor-element elementor-element-2c3d290\" data-id=\"2c3d290\" data-element_type=\"column\">\n\t\t\t<div class=\"elementor-widget-wrap elementor-element-populated\">\n\t\t\t\t\t\t<div class=\"elementor-element elementor-element-9fe5365 elementor-invisible elementor-widget elementor-widget-image\" data-id=\"9fe5365\" data-element_type=\"widget\" data-settings=\"{&quot;_animation&quot;:&quot;fadeInLeft&quot;}\" data-widget_type=\"image.default\">\n\t\t\t\t<div class=\"elementor-widget-container\">\n\t\t\t\t\t\t\t\t\t\t\t\t\t\t\t<img decoding=\"async\" width=\"1920\" height=\"1080\" src=\"https:\/\/gtccorporation.com\/wordpress\/wp-content\/uploads\/2024\/02\/AS400_gtc_corporation-1.png\" class=\"attachment-full size-full wp-image-4382\" alt=\"\" srcset=\"https:\/\/gtccorporation.com\/wordpress\/wp-content\/uploads\/2024\/02\/AS400_gtc_corporation-1.png 1920w, https:\/\/gtccorporation.com\/wordpress\/wp-content\/uploads\/2024\/02\/AS400_gtc_corporation-1-300x169.png 300w, https:\/\/gtccorporation.com\/wordpress\/wp-content\/uploads\/2024\/02\/AS400_gtc_corporation-1-1024x576.png 1024w, https:\/\/gtccorporation.com\/wordpress\/wp-content\/uploads\/2024\/02\/AS400_gtc_corporation-1-768x432.png 768w, https:\/\/gtccorporation.com\/wordpress\/wp-content\/uploads\/2024\/02\/AS400_gtc_corporation-1-1536x864.png 1536w\" sizes=\"(max-width: 1920px) 100vw, 1920px\" \/>\t\t\t\t\t\t\t\t\t\t\t\t\t\t\t<\/div>\n\t\t\t\t<\/div>\n\t\t\t\t<div class=\"elementor-element elementor-element-30565cd elementor-invisible elementor-widget elementor-widget-image\" data-id=\"30565cd\" data-element_type=\"widget\" data-settings=\"{&quot;_animation&quot;:&quot;fadeInRight&quot;}\" data-widget_type=\"image.default\">\n\t\t\t\t<div class=\"elementor-widget-container\">\n\t\t\t\t\t\t\t\t\t\t\t\t\t\t\t<img decoding=\"async\" width=\"2304\" height=\"1152\" src=\"https:\/\/gtccorporation.com\/wordpress\/wp-content\/uploads\/2023\/10\/Diseno-sin-titulo-3.jpg\" class=\"attachment-full size-full wp-image-3056\" alt=\"\" srcset=\"https:\/\/gtccorporation.com\/wordpress\/wp-content\/uploads\/2023\/10\/Diseno-sin-titulo-3.jpg 2304w, https:\/\/gtccorporation.com\/wordpress\/wp-content\/uploads\/2023\/10\/Diseno-sin-titulo-3-300x150.jpg 300w, https:\/\/gtccorporation.com\/wordpress\/wp-content\/uploads\/2023\/10\/Diseno-sin-titulo-3-1024x512.jpg 1024w, https:\/\/gtccorporation.com\/wordpress\/wp-content\/uploads\/2023\/10\/Diseno-sin-titulo-3-768x384.jpg 768w, https:\/\/gtccorporation.com\/wordpress\/wp-content\/uploads\/2023\/10\/Diseno-sin-titulo-3-1536x768.jpg 1536w, https:\/\/gtccorporation.com\/wordpress\/wp-content\/uploads\/2023\/10\/Diseno-sin-titulo-3-2048x1024.jpg 2048w\" sizes=\"(max-width: 2304px) 100vw, 2304px\" \/>\t\t\t\t\t\t\t\t\t\t\t\t\t\t\t<\/div>\n\t\t\t\t<\/div>\n\t\t\t\t\t<\/div>\n\t\t<\/div>\n\t\t\t\t\t<\/div>\n\t\t<\/section>\n\t\t\t\t<section class=\"elementor-section elementor-top-section elementor-element elementor-element-89f062e elementor-section-boxed elementor-section-height-default elementor-section-height-default wpr-particle-no wpr-jarallax-no wpr-parallax-no wpr-sticky-section-no\" data-id=\"89f062e\" data-element_type=\"section\">\n\t\t\t\t\t\t<div class=\"elementor-container elementor-column-gap-wide\">\n\t\t\t\t\t<div class=\"elementor-column elementor-col-50 elementor-top-column elementor-element elementor-element-8c90b83\" data-id=\"8c90b83\" data-element_type=\"column\">\n\t\t\t<div class=\"elementor-widget-wrap elementor-element-populated\">\n\t\t\t\t\t\t<div class=\"elementor-element elementor-element-19f3c09 elementor-invisible elementor-widget elementor-widget-image\" data-id=\"19f3c09\" data-element_type=\"widget\" data-settings=\"{&quot;_animation&quot;:&quot;bounceIn&quot;}\" data-widget_type=\"image.default\">\n\t\t\t\t<div class=\"elementor-widget-container\">\n\t\t\t\t\t\t\t\t\t\t\t\t\t\t\t<img loading=\"lazy\" decoding=\"async\" width=\"1080\" height=\"1080\" src=\"https:\/\/gtccorporation.com\/wordpress\/wp-content\/uploads\/2023\/10\/Diseno-sin-titulo-77.png\" class=\"attachment-full size-full wp-image-3086\" alt=\"\" srcset=\"https:\/\/gtccorporation.com\/wordpress\/wp-content\/uploads\/2023\/10\/Diseno-sin-titulo-77.png 1080w, https:\/\/gtccorporation.com\/wordpress\/wp-content\/uploads\/2023\/10\/Diseno-sin-titulo-77-300x300.png 300w, https:\/\/gtccorporation.com\/wordpress\/wp-content\/uploads\/2023\/10\/Diseno-sin-titulo-77-1024x1024.png 1024w, https:\/\/gtccorporation.com\/wordpress\/wp-content\/uploads\/2023\/10\/Diseno-sin-titulo-77-150x150.png 150w, https:\/\/gtccorporation.com\/wordpress\/wp-content\/uploads\/2023\/10\/Diseno-sin-titulo-77-768x768.png 768w\" sizes=\"(max-width: 1080px) 100vw, 1080px\" \/>\t\t\t\t\t\t\t\t\t\t\t\t\t\t\t<\/div>\n\t\t\t\t<\/div>\n\t\t\t\t\t<\/div>\n\t\t<\/div>\n\t\t\t\t<div class=\"elementor-column elementor-col-50 elementor-top-column elementor-element elementor-element-e60e7f7\" data-id=\"e60e7f7\" data-element_type=\"column\">\n\t\t\t<div class=\"elementor-widget-wrap elementor-element-populated\">\n\t\t\t\t\t\t<div class=\"elementor-element elementor-element-e766ae7 wpr-advanced-accordion-icon-side-box elementor-widget elementor-widget-wpr-advanced-accordion\" data-id=\"e766ae7\" data-element_type=\"widget\" data-settings=\"{&quot;active_item&quot;:1}\" data-widget_type=\"wpr-advanced-accordion.default\">\n\t\t\t\t<div class=\"elementor-widget-container\">\n\t\t\t\t\t\n            <div class=\"wpr-advanced-accordion\" data-accordion-type=\"accordion\" data-active-index=\"1\" data-accordion-trigger=\"click\" data-interaction-speed=\"0.4\">\n\n\t\t\t\n                \n\t\t\t\t\t<div class=\"wpr-accordion-item-wrap\">\n\t\t\t\t\t\t<button class=\"wpr-acc-button\">\n\t\t\t\t\t\t\t<span class=\"wpr-acc-item-title\">\n\t\t\t\t\t\t\t\t\t\t\t\t\t\t\t\t\t<div class=\"wpr-acc-icon-box\">\n\t\t\t\t\t\t\t\t\t\t\t\t\t\t<span class=\"wpr-title-icon\">\n\t\t\t\t\t<i aria-hidden=\"true\" class=\"fas fa-users\"><\/i>\t\t\t\t<\/span>\n\t\t\t\t\t\t\t\t\t\t\t\t<\/div>\n\t\t\t\t\t\t\t\t\n\t\t\t\t\t\t\t\t<span class=\"wpr-acc-title-text\">Suministro de IT AS\/400<\/span>\n\t\t\t\t\t\t\t<\/span>\n\t\t\t\t\t\t\t\t\t\t\t<span class=\"wpr-toggle-icon wpr-ti-close\"><i aria-hidden=\"true\" class=\"fas fa-plus\"><\/i><\/span>\n\t\t\t\t<span class=\"wpr-toggle-icon wpr-ti-open\"><i aria-hidden=\"true\" class=\"fas fa-minus\"><\/i><\/span>\n\t\t\t\t\t\t\t\t\t<\/button>\n\n\t\t\t\t\t\t<div class=\"wpr-acc-panel\">\n\t\t\t\t\t\t\t\t\t\t\t\t\t\t\t<div class=\"wpr-acc-panel-content\"><p>Nuestros desarrolladores tienen un \u00e1mbito abanico de skillis, tanto funciones como t\u00e9cnicos, entre los que destacamos algunos de los relacionados con el entorno IMB i:<\/p><\/div>\n\t\t\t\t\t\t\t\t\t\t\t\t\t<\/div>\n                    <\/div>\n\n                \n\t\t\t\t\t<div class=\"wpr-accordion-item-wrap\">\n\t\t\t\t\t\t<button class=\"wpr-acc-button\">\n\t\t\t\t\t\t\t<span class=\"wpr-acc-item-title\">\n\t\t\t\t\t\t\t\t\t\t\t\t\t\t\t\t\t<div class=\"wpr-acc-icon-box\">\n\t\t\t\t\t\t\t\t\t\t\t\t\t\t<span class=\"wpr-title-icon\">\n\t\t\t\t\t<i aria-hidden=\"true\" class=\"far fa-edit\"><\/i>\t\t\t\t<\/span>\n\t\t\t\t\t\t\t\t\t\t\t\t<\/div>\n\t\t\t\t\t\t\t\t\n\t\t\t\t\t\t\t\t<span class=\"wpr-acc-title-text\">Perfiles:<\/span>\n\t\t\t\t\t\t\t<\/span>\n\t\t\t\t\t\t\t\t\t\t\t<span class=\"wpr-toggle-icon wpr-ti-close\"><i aria-hidden=\"true\" class=\"fas fa-plus\"><\/i><\/span>\n\t\t\t\t<span class=\"wpr-toggle-icon wpr-ti-open\"><i aria-hidden=\"true\" class=\"fas fa-minus\"><\/i><\/span>\n\t\t\t\t\t\t\t\t\t<\/button>\n\n\t\t\t\t\t\t<div class=\"wpr-acc-panel\">\n\t\t\t\t\t\t\t\t\t\t\t\t\t\t\t<div class=\"wpr-acc-panel-content\"><p><strong>-RPG III, IV, 400<\/strong><\/p><p><strong>-ILE RPG<\/strong><\/p><p><strong>-CL<\/strong><\/p><p><strong>-DB2 for i<\/strong><\/p><p><strong>-DDS<\/strong><\/p><p><strong>-DFU<\/strong><\/p><p><strong>-SQL<\/strong><\/p><p><strong>-QUERY<\/strong><\/p><p><strong>-SDA<\/strong><\/p><p><strong>-RLU<\/strong><\/p><\/div>\n\t\t\t\t\t\t\t\t\t\t\t\t\t<\/div>\n                    <\/div>\n\n                            <\/div>\n        \t\t\t\t<\/div>\n\t\t\t\t<\/div>\n\t\t\t\t\t<\/div>\n\t\t<\/div>\n\t\t\t\t\t<\/div>\n\t\t<\/section>\n\t\t\t\t<section class=\"elementor-section elementor-top-section elementor-element elementor-element-61da494 elementor-section-boxed elementor-section-height-default elementor-section-height-default wpr-particle-no wpr-jarallax-no wpr-parallax-no wpr-sticky-section-no\" data-id=\"61da494\" data-element_type=\"section\" data-settings=\"{&quot;background_background&quot;:&quot;gradient&quot;}\">\n\t\t\t\t\t\t<div class=\"elementor-container elementor-column-gap-default\">\n\t\t\t\t\t<div class=\"elementor-column elementor-col-50 elementor-top-column elementor-element elementor-element-56db9d7 elementor-invisible\" data-id=\"56db9d7\" data-element_type=\"column\" data-settings=\"{&quot;animation&quot;:&quot;slideInLeft&quot;}\">\n\t\t\t<div class=\"elementor-widget-wrap elementor-element-populated\">\n\t\t\t\t\t\t<div class=\"elementor-element elementor-element-147b530 elementor-widget elementor-widget-heading\" data-id=\"147b530\" data-element_type=\"widget\" data-widget_type=\"heading.default\">\n\t\t\t\t<div class=\"elementor-widget-container\">\n\t\t\t\t\t<h2 class=\"elementor-heading-title elementor-size-default\">Contacta a un experto<\/h2>\t\t\t\t<\/div>\n\t\t\t\t<\/div>\n\t\t\t\t<div class=\"elementor-element elementor-element-7c1055e elementor-widget elementor-widget-text-editor\" data-id=\"7c1055e\" data-element_type=\"widget\" data-widget_type=\"text-editor.default\">\n\t\t\t\t<div class=\"elementor-widget-container\">\n\t\t\t\t\t\t\t\t\t<p>\u00a1No esperes m\u00e1s y mejora la eficiencia operativa de tu empresa de la mano de GTC Corporation!<\/p><p>\u00a0<\/p>\t\t\t\t\t\t\t\t<\/div>\n\t\t\t\t<\/div>\n\t\t\t\t\t<\/div>\n\t\t<\/div>\n\t\t\t\t<div class=\"elementor-column elementor-col-50 elementor-top-column elementor-element elementor-element-df9b551 elementor-invisible\" data-id=\"df9b551\" data-element_type=\"column\" data-settings=\"{&quot;animation&quot;:&quot;fadeIn&quot;,&quot;animation_delay&quot;:100}\">\n\t\t\t<div class=\"elementor-widget-wrap elementor-element-populated\">\n\t\t\t\t\t\t<div class=\"elementor-element elementor-element-6ce2a46 elementor-align-center elementor-widget elementor-widget-button\" data-id=\"6ce2a46\" data-element_type=\"widget\" data-widget_type=\"button.default\">\n\t\t\t\t<div class=\"elementor-widget-container\">\n\t\t\t\t\t\t\t\t\t<div class=\"elementor-button-wrapper\">\n\t\t\t\t\t<a class=\"elementor-button elementor-button-link elementor-size-sm\" href=\"https:\/\/api.whatsapp.com\/send?phone=573107041175&#038;text=%20Me%20interesa%20saber%20m%C3%A1s%20sobre%20el%20servicio%20de%20AS%20400%20\">\n\t\t\t\t\t\t<span class=\"elementor-button-content-wrapper\">\n\t\t\t\t\t\t\t\t\t<span class=\"elementor-button-text\">Da clic aqu\u00ed<\/span>\n\t\t\t\t\t<\/span>\n\t\t\t\t\t<\/a>\n\t\t\t\t<\/div>\n\t\t\t\t\t\t\t\t<\/div>\n\t\t\t\t<\/div>\n\t\t\t\t\t<\/div>\n\t\t<\/div>\n\t\t\t\t\t<\/div>\n\t\t<\/section>\n\t\t\t\t<\/div>\n\t\t","protected":false},"excerpt":{"rendered":"<p>Expertos en desarrollo en RPG, Cobol y Java para AS\/400 Nuestra trayectoria en proyectos de Alta Disponibilidad en el entorno IBM i (AS\/400) con herramientas de desarrollo de aplicaciones, en RPG, Cobol, Java y otras, para integraciones, nos dan un conocimiento extenso y profundo del sistema, que han estado cultivando nuestros t\u00e9cnicos y desarrolladores a lo largo de cientos de proyectos. \u00bfC\u00f3mo ayudamos en la transformaci\u00f3n digital? Contamos con m\u00e1s de 25 a\u00f1os de experiencia creando soluciones en herramientas nativas del AS400 y otras herramientas de integraci\u00f3n Contamos con personal experto en AS400 \u00a0 La longevidad del Sistema IBM i y la falta de oferta formativa en este entorno, est\u00e1 generando escasez en el mercado de especialistas en este sistema en general, y de desarrolladores expertos en RPG y COBOL. Para nuestra empresa, el AS400 es uno de los puntos fuertes de nuestro negocio, por eso estamos en condiciones de ofrecer Analistas-Programadores expertos a nuestros clientes, as\u00ed como outsourcing de desarrollo, con la garant\u00eda de nuestra experiencia en este entorno. Suministro de IT AS\/400 Nuestros desarrolladores tienen un \u00e1mbito abanico de skillis, tanto funciones como t\u00e9cnicos, entre los que destacamos algunos de los relacionados con el entorno IMB i: Perfiles: -RPG III, IV, 400 -ILE RPG -CL -DB2 for i -DDS -DFU -SQL -QUERY -SDA -RLU Contacta a un experto \u00a1No esperes m\u00e1s y mejora la eficiencia operativa de tu empresa de la mano de GTC Corporation! \u00a0 Da clic aqu\u00ed<\/p>\n","protected":false},"author":1,"featured_media":0,"parent":0,"menu_order":0,"comment_status":"closed","ping_status":"closed","template":"","meta":{"_monsterinsights_skip_tracking":false,"_monsterinsights_sitenote_active":false,"_monsterinsights_sitenote_note":"","_monsterinsights_sitenote_category":0,"site-sidebar-layout":"no-sidebar","site-content-layout":"page-builder","ast-site-content-layout":"","site-content-style":"default","site-sidebar-style":"default","ast-global-header-display":"","ast-banner-title-visibility":"","ast-main-header-display":"","ast-hfb-above-header-display":"","ast-hfb-below-header-display":"","ast-hfb-mobile-header-display":"","site-post-title":"disabled","ast-breadcrumbs-content":"","ast-featured-img":"disabled","footer-sml-layout":"","theme-transparent-header-meta":"","adv-header-id-meta":"","stick-header-meta":"","header-above-stick-meta":"","header-main-stick-meta":"","header-below-stick-meta":"","astra-migrate-meta-layouts":"","footnotes":""},"class_list":["post-2235","page","type-page","status-publish","hentry"],"_links":{"self":[{"href":"https:\/\/gtccorporation.com\/wordpress\/index.php?rest_route=\/wp\/v2\/pages\/2235","targetHints":{"allow":["GET"]}}],"collection":[{"href":"https:\/\/gtccorporation.com\/wordpress\/index.php?rest_route=\/wp\/v2\/pages"}],"about":[{"href":"https:\/\/gtccorporation.com\/wordpress\/index.php?rest_route=\/wp\/v2\/types\/page"}],"author":[{"embeddable":true,"href":"https:\/\/gtccorporation.com\/wordpress\/index.php?rest_route=\/wp\/v2\/users\/1"}],"replies":[{"embeddable":true,"href":"https:\/\/gtccorporation.com\/wordpress\/index.php?rest_route=%2Fwp%2Fv2%2Fcomments&post=2235"}],"version-history":[{"count":279,"href":"https:\/\/gtccorporation.com\/wordpress\/index.php?rest_route=\/wp\/v2\/pages\/2235\/revisions"}],"predecessor-version":[{"id":4400,"href":"https:\/\/gtccorporation.com\/wordpress\/index.php?rest_route=\/wp\/v2\/pages\/2235\/revisions\/4400"}],"wp:attachment":[{"href":"https:\/\/gtccorporation.com\/wordpress\/index.php?rest_route=%2Fwp%2Fv2%2Fmedia&parent=2235"}],"curies":[{"name":"wp","href":"https:\/\/api.w.org\/{rel}","templated":true}]}}