{"id":1913,"date":"2023-09-29T21:52:21","date_gmt":"2023-09-29T19:52:21","guid":{"rendered":"https:\/\/sescol.net\/?page_id=1913"},"modified":"2024-02-06T23:36:33","modified_gmt":"2024-02-06T22:36:33","slug":"aseguramiento-de-calidad-2","status":"publish","type":"page","link":"https:\/\/gtccorporation.com\/wordpress\/?page_id=1913","title":{"rendered":"Funcional y Aseguramiento"},"content":{"rendered":"\t\t<div data-elementor-type=\"wp-page\" data-elementor-id=\"1913\" class=\"elementor elementor-1913\">\n\t\t\t\t\t\t<section class=\"elementor-section elementor-top-section elementor-element elementor-element-349d0b7 elementor-section-height-min-height elementor-section-boxed elementor-section-height-default elementor-section-items-middle wpr-particle-no wpr-jarallax-no wpr-parallax-no wpr-sticky-section-no\" data-id=\"349d0b7\" data-element_type=\"section\" data-settings=\"{&quot;background_background&quot;:&quot;classic&quot;}\">\n\t\t\t\t\t\t\t<div class=\"elementor-background-overlay\"><\/div>\n\t\t\t\t\t\t\t<div class=\"elementor-container elementor-column-gap-default\">\n\t\t\t\t\t<div class=\"elementor-column elementor-col-100 elementor-top-column elementor-element elementor-element-c1ac63d\" data-id=\"c1ac63d\" data-element_type=\"column\">\n\t\t\t<div class=\"elementor-widget-wrap elementor-element-populated\">\n\t\t\t\t\t\t<div class=\"elementor-element elementor-element-559d86b wpr-fancy-text-slide wpr-advanced-text-style-animated wpr-animated-text-infinite-yes elementor-widget elementor-widget-wpr-advanced-text\" data-id=\"559d86b\" data-element_type=\"widget\" data-settings=\"{&quot;anim_loop&quot;:&quot;yes&quot;}\" data-widget_type=\"wpr-advanced-text.default\">\n\t\t\t\t<div class=\"elementor-widget-container\">\n\t\t\t\t\t\n\t\t<h3 class=\"wpr-advanced-text\">\n\n\t\t\t\t\t\n\t\t\t\t\t\t\t<span class=\"wpr-advanced-text-preffix\">Funcional y Aseguramiento<\/span>\n\t\t\t\n\t\t<span class=\"wpr-anim-text wpr-anim-text-type-slide\" data-anim-duration=\"2100,2000\" data-anim-loop=\"yes\">\n\t\t\t<span class=\"wpr-anim-text-inner\">\n\t\t\t\t\t\t\t\t\t<b>Mayor Eficiencia y Confiabilidad <\/b>\n\t\t\t\t\t\t\t<\/span>\n\t\t\t\t\t<\/span>\n\n\t\t\t\t\n\t\t<\/h3>\n\t\t\n\t\t\t\t\t\t<\/div>\n\t\t\t\t<\/div>\n\t\t\t\t<div class=\"elementor-element elementor-element-7dfba88 elementor-widget elementor-widget-text-editor\" data-id=\"7dfba88\" data-element_type=\"widget\" data-widget_type=\"text-editor.default\">\n\t\t\t\t<div class=\"elementor-widget-container\">\n\t\t\t\t\t\t\t\t\t<p><span class=\"OYPEnA text-decoration-none text-strikethrough-none\">Contamos con un equipo especializado en levantamiento de requerimientos, el cual tiene la experiencia para entender las necesidades y asegurar la calidad en las soluciones inform\u00e1ticas.<\/span><\/p>\t\t\t\t\t\t\t\t<\/div>\n\t\t\t\t<\/div>\n\t\t\t\t\t<\/div>\n\t\t<\/div>\n\t\t\t\t\t<\/div>\n\t\t<\/section>\n\t\t\t\t<section class=\"elementor-section elementor-top-section elementor-element elementor-element-fdf398b elementor-section-boxed elementor-section-height-default elementor-section-height-default wpr-particle-no wpr-jarallax-no wpr-parallax-no wpr-sticky-section-no\" data-id=\"fdf398b\" data-element_type=\"section\">\n\t\t\t\t\t\t<div class=\"elementor-container elementor-column-gap-default\">\n\t\t\t\t\t<div class=\"elementor-column elementor-col-50 elementor-top-column elementor-element elementor-element-b3330ab\" data-id=\"b3330ab\" data-element_type=\"column\">\n\t\t\t<div class=\"elementor-widget-wrap elementor-element-populated\">\n\t\t\t\t\t\t<div class=\"elementor-element elementor-element-57d08e8 elementor-invisible elementor-widget elementor-widget-image\" data-id=\"57d08e8\" data-element_type=\"widget\" data-settings=\"{&quot;_animation&quot;:&quot;fadeInLeft&quot;}\" data-widget_type=\"image.default\">\n\t\t\t\t<div class=\"elementor-widget-container\">\n\t\t\t\t\t\t\t\t\t\t\t\t\t\t\t<img fetchpriority=\"high\" decoding=\"async\" width=\"937\" height=\"650\" src=\"https:\/\/gtccorporation.com\/wordpress\/wp-content\/uploads\/2023\/09\/Diseno-sin-titulo-83-1.png\" class=\"attachment-large size-large wp-image-1937\" alt=\"\" srcset=\"https:\/\/gtccorporation.com\/wordpress\/wp-content\/uploads\/2023\/09\/Diseno-sin-titulo-83-1.png 937w, https:\/\/gtccorporation.com\/wordpress\/wp-content\/uploads\/2023\/09\/Diseno-sin-titulo-83-1-300x208.png 300w, https:\/\/gtccorporation.com\/wordpress\/wp-content\/uploads\/2023\/09\/Diseno-sin-titulo-83-1-768x533.png 768w\" sizes=\"(max-width: 937px) 100vw, 937px\" \/>\t\t\t\t\t\t\t\t\t\t\t\t\t\t\t<\/div>\n\t\t\t\t<\/div>\n\t\t\t\t\t<\/div>\n\t\t<\/div>\n\t\t\t\t<div class=\"elementor-column elementor-col-50 elementor-top-column elementor-element elementor-element-e8d4b7f\" data-id=\"e8d4b7f\" data-element_type=\"column\">\n\t\t\t<div class=\"elementor-widget-wrap elementor-element-populated\">\n\t\t\t\t\t\t<div class=\"elementor-element elementor-element-161262ca elementor-widget elementor-widget-heading\" data-id=\"161262ca\" data-element_type=\"widget\" data-widget_type=\"heading.default\">\n\t\t\t\t<div class=\"elementor-widget-container\">\n\t\t\t\t\t<h2 class=\"elementor-heading-title elementor-size-default\">Mejora el rendimiento de tu software<\/h2>\t\t\t\t<\/div>\n\t\t\t\t<\/div>\n\t\t\t\t<div class=\"elementor-element elementor-element-057520e elementor-widget elementor-widget-text-editor\" data-id=\"057520e\" data-element_type=\"widget\" data-widget_type=\"text-editor.default\">\n\t\t\t\t<div class=\"elementor-widget-container\">\n\t\t\t\t\t\t\t\t\t<p>Al asegurarte de que tu software cumple con los est\u00e1ndares de calidad, el SQA puede ayudar a mejorar la satisfacci\u00f3n del cliente, reducir los costos de desarrollo y minimizar el riesgo de fallos en el software. Con el SQA, puedes identificar y solucionar problemas tempranamente en el proceso de desarrollo, lo que resulta en un producto de software m\u00e1s confiable y eficiente.<\/p>\t\t\t\t\t\t\t\t<\/div>\n\t\t\t\t<\/div>\n\t\t\t\t\t<\/div>\n\t\t<\/div>\n\t\t\t\t\t<\/div>\n\t\t<\/section>\n\t\t\t\t<section class=\"elementor-section elementor-top-section elementor-element elementor-element-4c84482 elementor-section-boxed elementor-section-height-default elementor-section-height-default wpr-particle-no wpr-jarallax-no wpr-parallax-no wpr-sticky-section-no\" data-id=\"4c84482\" data-element_type=\"section\">\n\t\t\t\t\t\t<div class=\"elementor-container elementor-column-gap-default\">\n\t\t\t\t\t<div class=\"elementor-column elementor-col-50 elementor-top-column elementor-element elementor-element-0147220\" data-id=\"0147220\" data-element_type=\"column\">\n\t\t\t<div class=\"elementor-widget-wrap elementor-element-populated\">\n\t\t\t\t\t\t<div class=\"elementor-element elementor-element-8df8d7e elementor-widget elementor-widget-heading\" data-id=\"8df8d7e\" data-element_type=\"widget\" data-widget_type=\"heading.default\">\n\t\t\t\t<div class=\"elementor-widget-container\">\n\t\t\t\t\t<h2 class=\"elementor-heading-title elementor-size-default\">Levantamiento de requerimientos<\/h2>\t\t\t\t<\/div>\n\t\t\t\t<\/div>\n\t\t\t\t<div class=\"elementor-element elementor-element-2b8fcb8 elementor-widget elementor-widget-text-editor\" data-id=\"2b8fcb8\" data-element_type=\"widget\" data-widget_type=\"text-editor.default\">\n\t\t\t\t<div class=\"elementor-widget-container\">\n\t\t\t\t\t\t\t\t\t<p>El levantamiento de requerimientos es un proceso fundamental en la ingenier\u00eda de software y en la gesti\u00f3n de proyectos en general. Sirve para identificar, recopilar y documentar de manera sistem\u00e1tica adem\u00e1s de completa las necesidades, objetivos y restricciones de un proyecto o sistema.<\/p>\t\t\t\t\t\t\t\t<\/div>\n\t\t\t\t<\/div>\n\t\t\t\t\t<\/div>\n\t\t<\/div>\n\t\t\t\t<div class=\"elementor-column elementor-col-50 elementor-top-column elementor-element elementor-element-9a0b055\" data-id=\"9a0b055\" data-element_type=\"column\">\n\t\t\t<div class=\"elementor-widget-wrap elementor-element-populated\">\n\t\t\t\t\t\t<div class=\"elementor-element elementor-element-9e5d3ee elementor-invisible elementor-widget elementor-widget-image\" data-id=\"9e5d3ee\" data-element_type=\"widget\" data-settings=\"{&quot;_animation&quot;:&quot;fadeInLeft&quot;}\" data-widget_type=\"image.default\">\n\t\t\t\t<div class=\"elementor-widget-container\">\n\t\t\t\t\t\t\t\t\t\t\t\t\t\t\t<img decoding=\"async\" width=\"937\" height=\"650\" src=\"https:\/\/gtccorporation.com\/wordpress\/wp-content\/uploads\/2023\/10\/levantamiento-de-requerimientos.png\" class=\"attachment-large size-large wp-image-1968\" alt=\"\" srcset=\"https:\/\/gtccorporation.com\/wordpress\/wp-content\/uploads\/2023\/10\/levantamiento-de-requerimientos.png 937w, https:\/\/gtccorporation.com\/wordpress\/wp-content\/uploads\/2023\/10\/levantamiento-de-requerimientos-300x208.png 300w, https:\/\/gtccorporation.com\/wordpress\/wp-content\/uploads\/2023\/10\/levantamiento-de-requerimientos-768x533.png 768w\" sizes=\"(max-width: 937px) 100vw, 937px\" \/>\t\t\t\t\t\t\t\t\t\t\t\t\t\t\t<\/div>\n\t\t\t\t<\/div>\n\t\t\t\t\t<\/div>\n\t\t<\/div>\n\t\t\t\t\t<\/div>\n\t\t<\/section>\n\t\t\t\t<section class=\"elementor-section elementor-top-section elementor-element elementor-element-a3f5320 elementor-section-boxed elementor-section-height-default elementor-section-height-default wpr-particle-no wpr-jarallax-no wpr-parallax-no wpr-sticky-section-no elementor-invisible\" data-id=\"a3f5320\" data-element_type=\"section\" data-settings=\"{&quot;animation&quot;:&quot;slideInLeft&quot;}\">\n\t\t\t\t\t\t<div class=\"elementor-container elementor-column-gap-default\">\n\t\t\t\t\t<div class=\"elementor-column elementor-col-50 elementor-top-column elementor-element elementor-element-6eebe3f\" data-id=\"6eebe3f\" data-element_type=\"column\">\n\t\t\t<div class=\"elementor-widget-wrap elementor-element-populated\">\n\t\t\t\t\t\t<div class=\"elementor-element elementor-element-c834bad elementor-widget elementor-widget-image\" data-id=\"c834bad\" data-element_type=\"widget\" data-settings=\"{&quot;_animation&quot;:&quot;none&quot;}\" data-widget_type=\"image.default\">\n\t\t\t\t<div class=\"elementor-widget-container\">\n\t\t\t\t\t\t\t\t\t\t\t\t\t\t\t<img decoding=\"async\" width=\"937\" height=\"650\" src=\"https:\/\/gtccorporation.com\/wordpress\/wp-content\/uploads\/2023\/10\/Agregar-un-titulo-24.png\" class=\"attachment-large size-large wp-image-2229\" alt=\"\" srcset=\"https:\/\/gtccorporation.com\/wordpress\/wp-content\/uploads\/2023\/10\/Agregar-un-titulo-24.png 937w, https:\/\/gtccorporation.com\/wordpress\/wp-content\/uploads\/2023\/10\/Agregar-un-titulo-24-300x208.png 300w, https:\/\/gtccorporation.com\/wordpress\/wp-content\/uploads\/2023\/10\/Agregar-un-titulo-24-768x533.png 768w\" sizes=\"(max-width: 937px) 100vw, 937px\" \/>\t\t\t\t\t\t\t\t\t\t\t\t\t\t\t<\/div>\n\t\t\t\t<\/div>\n\t\t\t\t\t<\/div>\n\t\t<\/div>\n\t\t\t\t<div class=\"elementor-column elementor-col-50 elementor-top-column elementor-element elementor-element-4d74574\" data-id=\"4d74574\" data-element_type=\"column\">\n\t\t\t<div class=\"elementor-widget-wrap elementor-element-populated\">\n\t\t\t\t\t\t<div class=\"elementor-element elementor-element-de0c047 elementor-widget elementor-widget-image\" data-id=\"de0c047\" data-element_type=\"widget\" data-settings=\"{&quot;_animation&quot;:&quot;none&quot;}\" data-widget_type=\"image.default\">\n\t\t\t\t<div class=\"elementor-widget-container\">\n\t\t\t\t\t\t\t\t\t\t\t\t\t\t\t<img loading=\"lazy\" decoding=\"async\" width=\"937\" height=\"650\" src=\"https:\/\/gtccorporation.com\/wordpress\/wp-content\/uploads\/2023\/10\/Agregar-un-titulo-25.png\" class=\"attachment-large size-large wp-image-2228\" alt=\"\" srcset=\"https:\/\/gtccorporation.com\/wordpress\/wp-content\/uploads\/2023\/10\/Agregar-un-titulo-25.png 937w, https:\/\/gtccorporation.com\/wordpress\/wp-content\/uploads\/2023\/10\/Agregar-un-titulo-25-300x208.png 300w, https:\/\/gtccorporation.com\/wordpress\/wp-content\/uploads\/2023\/10\/Agregar-un-titulo-25-768x533.png 768w\" sizes=\"(max-width: 937px) 100vw, 937px\" \/>\t\t\t\t\t\t\t\t\t\t\t\t\t\t\t<\/div>\n\t\t\t\t<\/div>\n\t\t\t\t\t<\/div>\n\t\t<\/div>\n\t\t\t\t\t<\/div>\n\t\t<\/section>\n\t\t\t\t<section class=\"elementor-section elementor-top-section elementor-element elementor-element-77a0f580 elementor-section-full_width elementor-section-height-default elementor-section-height-default wpr-particle-no wpr-jarallax-no wpr-parallax-no wpr-sticky-section-no\" data-id=\"77a0f580\" data-element_type=\"section\" data-settings=\"{&quot;background_background&quot;:&quot;classic&quot;,&quot;shape_divider_top&quot;:&quot;tilt&quot;,&quot;shape_divider_bottom&quot;:&quot;tilt&quot;}\">\n\t\t\t\t\t<div class=\"elementor-shape elementor-shape-top\" aria-hidden=\"true\" data-negative=\"false\">\n\t\t\t<svg xmlns=\"http:\/\/www.w3.org\/2000\/svg\" viewBox=\"0 0 1000 100\" preserveAspectRatio=\"none\">\n\t<path class=\"elementor-shape-fill\" d=\"M0,6V0h1000v100L0,6z\"\/>\n<\/svg>\t\t<\/div>\n\t\t\t\t<div class=\"elementor-shape elementor-shape-bottom\" aria-hidden=\"true\" data-negative=\"false\">\n\t\t\t<svg xmlns=\"http:\/\/www.w3.org\/2000\/svg\" viewBox=\"0 0 1000 100\" preserveAspectRatio=\"none\">\n\t<path class=\"elementor-shape-fill\" d=\"M0,6V0h1000v100L0,6z\"\/>\n<\/svg>\t\t<\/div>\n\t\t\t\t\t<div class=\"elementor-container elementor-column-gap-default\">\n\t\t\t\t\t<div class=\"elementor-column elementor-col-100 elementor-top-column elementor-element elementor-element-56d01982\" data-id=\"56d01982\" data-element_type=\"column\">\n\t\t\t<div class=\"elementor-widget-wrap elementor-element-populated\">\n\t\t\t\t\t\t<section class=\"elementor-section elementor-inner-section elementor-element elementor-element-5aabc7a3 elementor-section-boxed elementor-section-height-default elementor-section-height-default wpr-particle-no wpr-jarallax-no wpr-parallax-no wpr-sticky-section-no\" data-id=\"5aabc7a3\" data-element_type=\"section\">\n\t\t\t\t\t\t<div class=\"elementor-container elementor-column-gap-default\">\n\t\t\t\t\t<div class=\"elementor-column elementor-col-50 elementor-inner-column elementor-element elementor-element-5d93f896\" data-id=\"5d93f896\" data-element_type=\"column\">\n\t\t\t<div class=\"elementor-widget-wrap elementor-element-populated\">\n\t\t\t\t\t\t<div class=\"elementor-element elementor-element-04bb946 elementor-widget elementor-widget-heading\" data-id=\"04bb946\" data-element_type=\"widget\" data-widget_type=\"heading.default\">\n\t\t\t\t<div class=\"elementor-widget-container\">\n\t\t\t\t\t<h2 class=\"elementor-heading-title elementor-size-default\">Beneficios:<\/h2>\t\t\t\t<\/div>\n\t\t\t\t<\/div>\n\t\t\t\t<div class=\"elementor-element elementor-element-5433c16 elementor-widget elementor-widget-text-editor\" data-id=\"5433c16\" data-element_type=\"widget\" data-widget_type=\"text-editor.default\">\n\t\t\t\t<div class=\"elementor-widget-container\">\n\t\t\t\t\t\t\t\t\t<p><span class=\"ui-provider ec bpx bpy bpz bqa bqb bqc bqd bqe bqf bqg bqh bqi bqj bqk bql bqm bqn bqo bqp bqq bqr bqs bqt bqu bqv bqw bqx bqy bqz bra brb brc brd bre\" dir=\"ltr\">Los servicios de levantamiento y aseguramiento de calidad permiten entender sus necesidades, validar los requisitos, incorporar la experiencia del usuario y asegurar la calidad del software. Verificamos y validamos las caracter\u00edsticas funcionales y no funcionales de software con el fin de reducir el riesgo de defectos en ambientes productivos y reducci\u00f3n de los costes para corregir errores.<\/span><\/p><p><span class=\"ui-provider ec bpx bpy bpz bqa bqb bqc bqd bqe bqf bqg bqh bqi bqj bqk bql bqm bqn bqo bqp bqq bqr bqs bqt bqu bqv bqw bqx bqy bqz bra brb brc brd bre\" dir=\"ltr\">\u00a0<\/span><\/p><div>\u00a0<\/div><div>\u00a0<\/div>\t\t\t\t\t\t\t\t<\/div>\n\t\t\t\t<\/div>\n\t\t\t\t\t<\/div>\n\t\t<\/div>\n\t\t\t\t<div class=\"elementor-column elementor-col-50 elementor-inner-column elementor-element elementor-element-399f16c3\" data-id=\"399f16c3\" data-element_type=\"column\">\n\t\t\t<div class=\"elementor-widget-wrap elementor-element-populated\">\n\t\t\t\t\t\t<div class=\"elementor-element elementor-element-489228f elementor-widget elementor-widget-image\" data-id=\"489228f\" data-element_type=\"widget\" data-widget_type=\"image.default\">\n\t\t\t\t<div class=\"elementor-widget-container\">\n\t\t\t\t\t\t\t\t\t\t\t\t\t\t\t<img loading=\"lazy\" decoding=\"async\" width=\"937\" height=\"650\" src=\"https:\/\/gtccorporation.com\/wordpress\/wp-content\/uploads\/2023\/10\/Agregar-un-titulo-23.png\" class=\"attachment-large size-large wp-image-2193\" alt=\"\" srcset=\"https:\/\/gtccorporation.com\/wordpress\/wp-content\/uploads\/2023\/10\/Agregar-un-titulo-23.png 937w, https:\/\/gtccorporation.com\/wordpress\/wp-content\/uploads\/2023\/10\/Agregar-un-titulo-23-300x208.png 300w, https:\/\/gtccorporation.com\/wordpress\/wp-content\/uploads\/2023\/10\/Agregar-un-titulo-23-768x533.png 768w\" sizes=\"(max-width: 937px) 100vw, 937px\" \/>\t\t\t\t\t\t\t\t\t\t\t\t\t\t\t<\/div>\n\t\t\t\t<\/div>\n\t\t\t\t\t<\/div>\n\t\t<\/div>\n\t\t\t\t\t<\/div>\n\t\t<\/section>\n\t\t\t\t\t<\/div>\n\t\t<\/div>\n\t\t\t\t\t<\/div>\n\t\t<\/section>\n\t\t\t\t<section class=\"elementor-section elementor-top-section elementor-element elementor-element-7acea46 elementor-section-boxed elementor-section-height-default elementor-section-height-default wpr-particle-no wpr-jarallax-no wpr-parallax-no wpr-sticky-section-no\" data-id=\"7acea46\" data-element_type=\"section\">\n\t\t\t\t\t\t<div class=\"elementor-container elementor-column-gap-default\">\n\t\t\t\t\t<div class=\"elementor-column elementor-col-100 elementor-top-column elementor-element elementor-element-104bad7\" data-id=\"104bad7\" data-element_type=\"column\">\n\t\t\t<div class=\"elementor-widget-wrap elementor-element-populated\">\n\t\t\t\t\t\t<div class=\"elementor-element elementor-element-b5017ea elementor-align-center elementor-invisible elementor-widget elementor-widget-button\" data-id=\"b5017ea\" data-element_type=\"widget\" data-settings=\"{&quot;_animation&quot;:&quot;bounceIn&quot;}\" data-widget_type=\"button.default\">\n\t\t\t\t<div class=\"elementor-widget-container\">\n\t\t\t\t\t\t\t\t\t<div class=\"elementor-button-wrapper\">\n\t\t\t\t\t<a class=\"elementor-button elementor-button-link elementor-size-sm\" href=\"https:\/\/api.whatsapp.com\/send?phone=573107041175&#038;text=%20Me%20interesa%20saber%20m%C3%A1s%20sobre%20el%20servicio%20funcional%20y%20aseguramiento.\" target=\"_blank\">\n\t\t\t\t\t\t<span class=\"elementor-button-content-wrapper\">\n\t\t\t\t\t\t\t\t\t<span class=\"elementor-button-text\">CONT\u00c1CTANOS<\/span>\n\t\t\t\t\t<\/span>\n\t\t\t\t\t<\/a>\n\t\t\t\t<\/div>\n\t\t\t\t\t\t\t\t<\/div>\n\t\t\t\t<\/div>\n\t\t\t\t\t<\/div>\n\t\t<\/div>\n\t\t\t\t\t<\/div>\n\t\t<\/section>\n\t\t\t\t<\/div>\n\t\t","protected":false},"excerpt":{"rendered":"<p>Funcional y Aseguramiento Mayor Eficiencia y Confiabilidad Contamos con un equipo especializado en levantamiento de requerimientos, el cual tiene la experiencia para entender las necesidades y asegurar la calidad en las soluciones inform\u00e1ticas. Mejora el rendimiento de tu software Al asegurarte de que tu software cumple con los est\u00e1ndares de calidad, el SQA puede ayudar a mejorar la satisfacci\u00f3n del cliente, reducir los costos de desarrollo y minimizar el riesgo de fallos en el software. Con el SQA, puedes identificar y solucionar problemas tempranamente en el proceso de desarrollo, lo que resulta en un producto de software m\u00e1s confiable y eficiente. Levantamiento de requerimientos El levantamiento de requerimientos es un proceso fundamental en la ingenier\u00eda de software y en la gesti\u00f3n de proyectos en general. Sirve para identificar, recopilar y documentar de manera sistem\u00e1tica adem\u00e1s de completa las necesidades, objetivos y restricciones de un proyecto o sistema. Beneficios: Los servicios de levantamiento y aseguramiento de calidad permiten entender sus necesidades, validar los requisitos, incorporar la experiencia del usuario y asegurar la calidad del software. Verificamos y validamos las caracter\u00edsticas funcionales y no funcionales de software con el fin de reducir el riesgo de defectos en ambientes productivos y reducci\u00f3n de los costes para corregir errores. \u00a0 \u00a0\u00a0 CONT\u00c1CTANOS<\/p>\n","protected":false},"author":1,"featured_media":0,"parent":0,"menu_order":0,"comment_status":"closed","ping_status":"closed","template":"","meta":{"_monsterinsights_skip_tracking":false,"_monsterinsights_sitenote_active":false,"_monsterinsights_sitenote_note":"","_monsterinsights_sitenote_category":0,"site-sidebar-layout":"no-sidebar","site-content-layout":"page-builder","ast-site-content-layout":"","site-content-style":"default","site-sidebar-style":"default","ast-global-header-display":"","ast-banner-title-visibility":"","ast-main-header-display":"","ast-hfb-above-header-display":"","ast-hfb-below-header-display":"","ast-hfb-mobile-header-display":"","site-post-title":"disabled","ast-breadcrumbs-content":"","ast-featured-img":"disabled","footer-sml-layout":"","theme-transparent-header-meta":"","adv-header-id-meta":"","stick-header-meta":"","header-above-stick-meta":"","header-main-stick-meta":"","header-below-stick-meta":"","astra-migrate-meta-layouts":"","footnotes":""},"class_list":["post-1913","page","type-page","status-publish","hentry"],"_links":{"self":[{"href":"https:\/\/gtccorporation.com\/wordpress\/index.php?rest_route=\/wp\/v2\/pages\/1913","targetHints":{"allow":["GET"]}}],"collection":[{"href":"https:\/\/gtccorporation.com\/wordpress\/index.php?rest_route=\/wp\/v2\/pages"}],"about":[{"href":"https:\/\/gtccorporation.com\/wordpress\/index.php?rest_route=\/wp\/v2\/types\/page"}],"author":[{"embeddable":true,"href":"https:\/\/gtccorporation.com\/wordpress\/index.php?rest_route=\/wp\/v2\/users\/1"}],"replies":[{"embeddable":true,"href":"https:\/\/gtccorporation.com\/wordpress\/index.php?rest_route=%2Fwp%2Fv2%2Fcomments&post=1913"}],"version-history":[{"count":155,"href":"https:\/\/gtccorporation.com\/wordpress\/index.php?rest_route=\/wp\/v2\/pages\/1913\/revisions"}],"predecessor-version":[{"id":4059,"href":"https:\/\/gtccorporation.com\/wordpress\/index.php?rest_route=\/wp\/v2\/pages\/1913\/revisions\/4059"}],"wp:attachment":[{"href":"https:\/\/gtccorporation.com\/wordpress\/index.php?rest_route=%2Fwp%2Fv2%2Fmedia&parent=1913"}],"curies":[{"name":"wp","href":"https:\/\/api.w.org\/{rel}","templated":true}]}}