{"id":1064,"date":"2023-09-15T01:52:56","date_gmt":"2023-09-14T23:52:56","guid":{"rendered":"https:\/\/sescol.net\/?page_id=1064"},"modified":"2024-02-06T21:30:43","modified_gmt":"2024-02-06T20:30:43","slug":"productos","status":"publish","type":"page","link":"https:\/\/gtccorporation.com\/wordpress\/?page_id=1064","title":{"rendered":"Productos"},"content":{"rendered":"\t\t<div data-elementor-type=\"wp-page\" data-elementor-id=\"1064\" class=\"elementor elementor-1064\">\n\t\t\t\t\t\t<section class=\"elementor-section elementor-top-section elementor-element elementor-element-e0ebab1 elementor-section-height-min-height elementor-section-boxed elementor-section-height-default elementor-section-items-middle wpr-particle-no wpr-jarallax-no wpr-parallax-no wpr-sticky-section-no\" data-id=\"e0ebab1\" data-element_type=\"section\" data-settings=\"{&quot;background_background&quot;:&quot;classic&quot;}\">\n\t\t\t\t\t\t\t<div class=\"elementor-background-overlay\"><\/div>\n\t\t\t\t\t\t\t<div class=\"elementor-container elementor-column-gap-default\">\n\t\t\t\t\t<div class=\"elementor-column elementor-col-100 elementor-top-column elementor-element elementor-element-1f658b8\" data-id=\"1f658b8\" data-element_type=\"column\">\n\t\t\t<div class=\"elementor-widget-wrap elementor-element-populated\">\n\t\t\t\t\t\t<div class=\"elementor-element elementor-element-f1f79ae wpr-fancy-text-slide wpr-advanced-text-style-animated wpr-animated-text-infinite-yes elementor-widget elementor-widget-wpr-advanced-text\" data-id=\"f1f79ae\" data-element_type=\"widget\" data-settings=\"{&quot;anim_loop&quot;:&quot;yes&quot;}\" data-widget_type=\"wpr-advanced-text.default\">\n\t\t\t\t<div class=\"elementor-widget-container\">\n\t\t\t\t\t\n\t\t<h3 class=\"wpr-advanced-text\">\n\n\t\t\t\t\t\n\t\t\t\t\t\t\t<span class=\"wpr-advanced-text-preffix\">Conoce nuestros productos<\/span>\n\t\t\t\n\t\t<span class=\"wpr-anim-text wpr-anim-text-type-slide\" data-anim-duration=\"2100,2000\" data-anim-loop=\"yes\">\n\t\t\t<span class=\"wpr-anim-text-inner\">\n\t\t\t\t\t\t\t<\/span>\n\t\t\t\t\t<\/span>\n\n\t\t\t\t\n\t\t<\/h3>\n\t\t\n\t\t\t\t\t\t<\/div>\n\t\t\t\t<\/div>\n\t\t\t\t\t<\/div>\n\t\t<\/div>\n\t\t\t\t\t<\/div>\n\t\t<\/section>\n\t\t\t\t<section class=\"elementor-section elementor-top-section elementor-element elementor-element-6c423db4 elementor-section-boxed elementor-section-height-default elementor-section-height-default wpr-particle-no wpr-jarallax-no wpr-parallax-no wpr-sticky-section-no\" data-id=\"6c423db4\" data-element_type=\"section\">\n\t\t\t\t\t\t<div class=\"elementor-container elementor-column-gap-default\">\n\t\t\t\t\t<div class=\"elementor-column elementor-col-100 elementor-top-column elementor-element elementor-element-6e46ccc7\" data-id=\"6e46ccc7\" data-element_type=\"column\">\n\t\t\t<div class=\"elementor-widget-wrap elementor-element-populated\">\n\t\t\t\t\t\t<div class=\"elementor-element elementor-element-7c62bc71 elementor-widget elementor-widget-heading\" data-id=\"7c62bc71\" data-element_type=\"widget\" data-widget_type=\"heading.default\">\n\t\t\t\t<div class=\"elementor-widget-container\">\n\t\t\t\t\t<h2 class=\"elementor-heading-title elementor-size-default\">\u00bfQu\u00e9 esperas para llevar a tu empresa<br>al siguiente nivel?<\/h2>\t\t\t\t<\/div>\n\t\t\t\t<\/div>\n\t\t\t\t\t<\/div>\n\t\t<\/div>\n\t\t\t\t\t<\/div>\n\t\t<\/section>\n\t\t\t\t<section class=\"elementor-section elementor-top-section elementor-element elementor-element-ed4748d elementor-section-boxed elementor-section-height-default elementor-section-height-default wpr-particle-no wpr-jarallax-no wpr-parallax-no wpr-sticky-section-no\" data-id=\"ed4748d\" data-element_type=\"section\">\n\t\t\t\t\t\t<div class=\"elementor-container elementor-column-gap-default\">\n\t\t\t\t\t<div class=\"elementor-column elementor-col-100 elementor-top-column elementor-element elementor-element-cdc9388\" data-id=\"cdc9388\" data-element_type=\"column\">\n\t\t\t<div class=\"elementor-widget-wrap elementor-element-populated\">\n\t\t\t\t\t\t<div class=\"elementor-element elementor-element-d420337 elementor-widget elementor-widget-heading\" data-id=\"d420337\" data-element_type=\"widget\" data-widget_type=\"heading.default\">\n\t\t\t\t<div class=\"elementor-widget-container\">\n\t\t\t\t\t<h2 class=\"elementor-heading-title elementor-size-default\">En la era digital de hoy en d\u00eda, de ritmo acelerado, es crucial que las empresas se mantengan a la vanguardia. Una forma de hacerlo es aprovechando el poder del software y nuestros productos realizados especialmente para todas las necesidades de cualquier tipo de empresa.<\/h2>\t\t\t\t<\/div>\n\t\t\t\t<\/div>\n\t\t\t\t\t<\/div>\n\t\t<\/div>\n\t\t\t\t\t<\/div>\n\t\t<\/section>\n\t\t\t\t<section class=\"elementor-section elementor-top-section elementor-element elementor-element-74b09f8 elementor-section-full_width elementor-section-height-default elementor-section-height-default wpr-particle-no wpr-jarallax-no wpr-parallax-no wpr-sticky-section-no elementor-invisible\" data-id=\"74b09f8\" data-element_type=\"section\" data-settings=\"{&quot;animation&quot;:&quot;fadeInLeft&quot;}\">\n\t\t\t\t\t\t<div class=\"elementor-container elementor-column-gap-no\">\n\t\t\t\t\t<div class=\"elementor-column elementor-col-100 elementor-top-column elementor-element elementor-element-8ce4580\" data-id=\"8ce4580\" data-element_type=\"column\">\n\t\t\t<div class=\"elementor-widget-wrap elementor-element-populated\">\n\t\t\t\t\t\t<div class=\"elementor-element elementor-element-3a52840 elementor-widget__width-inherit elementor-widget elementor-widget-image\" data-id=\"3a52840\" data-element_type=\"widget\" data-widget_type=\"image.default\">\n\t\t\t\t<div class=\"elementor-widget-container\">\n\t\t\t\t\t\t\t\t\t\t\t\t\t\t\t<img fetchpriority=\"high\" decoding=\"async\" width=\"2500\" height=\"1259\" src=\"https:\/\/gtccorporation.com\/wordpress\/wp-content\/uploads\/2024\/02\/productos-gtc.png\" class=\"attachment-full size-full wp-image-3994\" alt=\"\" srcset=\"https:\/\/gtccorporation.com\/wordpress\/wp-content\/uploads\/2024\/02\/productos-gtc.png 2500w, https:\/\/gtccorporation.com\/wordpress\/wp-content\/uploads\/2024\/02\/productos-gtc-300x151.png 300w, https:\/\/gtccorporation.com\/wordpress\/wp-content\/uploads\/2024\/02\/productos-gtc-1024x516.png 1024w, https:\/\/gtccorporation.com\/wordpress\/wp-content\/uploads\/2024\/02\/productos-gtc-768x387.png 768w, https:\/\/gtccorporation.com\/wordpress\/wp-content\/uploads\/2024\/02\/productos-gtc-1536x774.png 1536w, https:\/\/gtccorporation.com\/wordpress\/wp-content\/uploads\/2024\/02\/productos-gtc-2048x1031.png 2048w\" sizes=\"(max-width: 2500px) 100vw, 2500px\" \/>\t\t\t\t\t\t\t\t\t\t\t\t\t\t\t<\/div>\n\t\t\t\t<\/div>\n\t\t\t\t\t<\/div>\n\t\t<\/div>\n\t\t\t\t\t<\/div>\n\t\t<\/section>\n\t\t\t\t<section class=\"elementor-section elementor-top-section elementor-element elementor-element-579b9b77 elementor-section-boxed elementor-section-height-default elementor-section-height-default wpr-particle-no wpr-jarallax-no wpr-parallax-no wpr-sticky-section-no\" data-id=\"579b9b77\" data-element_type=\"section\">\n\t\t\t\t\t\t<div class=\"elementor-container elementor-column-gap-default\">\n\t\t\t\t\t<div class=\"elementor-column elementor-col-100 elementor-top-column elementor-element elementor-element-2184e5ae\" data-id=\"2184e5ae\" data-element_type=\"column\">\n\t\t\t<div class=\"elementor-widget-wrap elementor-element-populated\">\n\t\t\t\t\t\t<div class=\"elementor-element elementor-element-44b3cd58 elementor-widget elementor-widget-heading\" data-id=\"44b3cd58\" data-element_type=\"widget\" data-widget_type=\"heading.default\">\n\t\t\t\t<div class=\"elementor-widget-container\">\n\t\t\t\t\t<h2 class=\"elementor-heading-title elementor-size-default\">Conoce nuestros productos<\/h2>\t\t\t\t<\/div>\n\t\t\t\t<\/div>\n\t\t\t\t<div class=\"elementor-element elementor-element-4a07334d wpr-feature-list-left wpr-feature-list-square wpr-feature-list-line-yes elementor-widget elementor-widget-wpr-feature-list\" data-id=\"4a07334d\" data-element_type=\"widget\" data-widget_type=\"wpr-feature-list.default\">\n\t\t\t\t<div class=\"elementor-widget-container\">\n\t\t\t\t\t<div class=\"wpr-feature-list-wrap\"><ul class=\"wpr-feature-list\"><li class=\"wpr-feature-list-item elementor-repeater-item-2b0f60a\"><div class=\"wpr-feature-list-icon-wrap\"><span class=\"wpr-feature-list-line\"><\/span><div class=\"wpr-feature-list-icon-inner-wrap\"><i aria-hidden=\"true\" class=\"fas fa-check-circle\"><\/i><\/div><\/div><div class=\"wpr-feature-list-content-wrap\"><h2 class=\"wpr-feature-list-title\"><a class=\"wpr-feature-list-url\" target=\"_blank\" rel=\"nofollow\">Sueco<\/a><\/h2><p class=\"wpr-feature-list-description\">Plataforma robusta, de apoyo integral para los procesos contables (ERP), de eventos y educaci\u00f3n (B\u00e1sica, Superior y para el trabajo), de instituciones educativas y empresas de todo tipo.<\/p><\/div><\/li><li class=\"wpr-feature-list-item elementor-repeater-item-25e5c81\"><div class=\"wpr-feature-list-icon-wrap\"><span class=\"wpr-feature-list-line\"><\/span><div class=\"wpr-feature-list-icon-inner-wrap\"><i aria-hidden=\"true\" class=\"fas fa-check-circle\"><\/i><\/div><\/div><div class=\"wpr-feature-list-content-wrap\"><h2 class=\"wpr-feature-list-title\"><a class=\"wpr-feature-list-url\" target=\"_blank\" rel=\"nofollow\">Sescol<\/a><\/h2><p class=\"wpr-feature-list-description\">Lleva tu instituci\u00f3n a otro nivel con nuestra soluci\u00f3n inteligente, la \u00fanica plataforma que integra todos tus procesos acad\u00e9micos. <\/p><\/div><\/li><li class=\"wpr-feature-list-item elementor-repeater-item-393fd29\"><div class=\"wpr-feature-list-icon-wrap\"><span class=\"wpr-feature-list-line\"><\/span><div class=\"wpr-feature-list-icon-inner-wrap\"><i aria-hidden=\"true\" class=\"fas fa-check-circle\"><\/i><\/div><\/div><div class=\"wpr-feature-list-content-wrap\"><h2 class=\"wpr-feature-list-title\"><a class=\"wpr-feature-list-url\" target=\"_blank\" rel=\"nofollow\">GTC Report<\/a><\/h2><p class=\"wpr-feature-list-description\">Plataforma para usuarios finales que permite el dise\u00f1o y construcci\u00f3n de reportes por una \u00fanica vez, los cuales pueden ser asignados de forma permanente a determinados roles de usuarios de la organizaci\u00f3n.<\/p><\/div><\/li><li class=\"wpr-feature-list-item elementor-repeater-item-e343f03\"><div class=\"wpr-feature-list-icon-wrap\"><span class=\"wpr-feature-list-line\"><\/span><div class=\"wpr-feature-list-icon-inner-wrap\"><i aria-hidden=\"true\" class=\"fas fa-check-circle\"><\/i><\/div><\/div><div class=\"wpr-feature-list-content-wrap\"><h2 class=\"wpr-feature-list-title\"><a class=\"wpr-feature-list-url\" target=\"_blank\" rel=\"nofollow\">GTC Project<\/a><\/h2><p class=\"wpr-feature-list-description\">Plataforma robusta integrada por diferentes m\u00f3dulos la cual permite controlar las actividades de los colaboradores, gestionar y realizar seguimiento a los proyectos desde su planeaci\u00f3n, ejecuci\u00f3n y cierre.<\/p><\/div><\/li><li class=\"wpr-feature-list-item elementor-repeater-item-a9ce1df\"><div class=\"wpr-feature-list-icon-wrap\"><span class=\"wpr-feature-list-line\"><\/span><div class=\"wpr-feature-list-icon-inner-wrap\"><i aria-hidden=\"true\" class=\"fas fa-check-circle\"><\/i><\/div><\/div><div class=\"wpr-feature-list-content-wrap\"><h2 class=\"wpr-feature-list-title\"><a class=\"wpr-feature-list-url\" target=\"_blank\" rel=\"nofollow\">Focus<\/a><\/h2><p class=\"wpr-feature-list-description\">Plataforma robusta, de apoyo integral para los procesos contables (ERP),\nde eventos y educaci\u00f3n (B\u00e1sica, Superior y para el trabajo), de\ninstituciones educativas y empresas de todo tipo.<\/p><\/div><\/li><li class=\"wpr-feature-list-item elementor-repeater-item-9df5df9\"><div class=\"wpr-feature-list-icon-wrap\"><span class=\"wpr-feature-list-line\"><\/span><div class=\"wpr-feature-list-icon-inner-wrap\"><i aria-hidden=\"true\" class=\"fas fa-check-circle\"><\/i><\/div><\/div><div class=\"wpr-feature-list-content-wrap\"><h2 class=\"wpr-feature-list-title\"><a class=\"wpr-feature-list-url\" target=\"_blank\" rel=\"nofollow\">Gen Api<\/a><\/h2><p class=\"wpr-feature-list-description\">Es una completa suite de frameworks de desarrollo, herramientas que facilitan el desarrollo y despliegue r\u00e1pido de aplicaciones Java Internet o Enterprise que requieren ser escalables, eficientes y sofisticadas.<\/p><\/div><\/li><\/ul><\/div>\t\t\t\t<\/div>\n\t\t\t\t<\/div>\n\t\t\t\t\t<\/div>\n\t\t<\/div>\n\t\t\t\t\t<\/div>\n\t\t<\/section>\n\t\t\t\t<section class=\"elementor-section elementor-top-section elementor-element elementor-element-156b82d7 elementor-section-height-min-height elementor-section-boxed elementor-section-height-default elementor-section-items-middle wpr-particle-no wpr-jarallax-no wpr-parallax-no wpr-sticky-section-no elementor-invisible\" data-id=\"156b82d7\" data-element_type=\"section\" data-settings=\"{&quot;background_background&quot;:&quot;classic&quot;,&quot;animation&quot;:&quot;bounceInDown&quot;}\">\n\t\t\t\t\t\t\t<div class=\"elementor-background-overlay\"><\/div>\n\t\t\t\t\t\t\t<div class=\"elementor-container elementor-column-gap-default\">\n\t\t\t\t\t<div class=\"elementor-column elementor-col-100 elementor-top-column elementor-element elementor-element-7b3ca77c\" data-id=\"7b3ca77c\" data-element_type=\"column\">\n\t\t\t<div class=\"elementor-widget-wrap elementor-element-populated\">\n\t\t\t\t\t\t<div class=\"elementor-element elementor-element-763e8e50 elementor-widget elementor-widget-heading\" data-id=\"763e8e50\" data-element_type=\"widget\" data-widget_type=\"heading.default\">\n\t\t\t\t<div class=\"elementor-widget-container\">\n\t\t\t\t\t<h2 class=\"elementor-heading-title elementor-size-default\">\u00a1Aumenta tu eficiencia y ten una ventaja competitiva de la mano de GTC Corporation!<\/h2>\t\t\t\t<\/div>\n\t\t\t\t<\/div>\n\t\t\t\t<div class=\"elementor-element elementor-element-36eddd9d wpr-button-icon-style-inline wpr-button-icon-position-right elementor-widget elementor-widget-wpr-button\" data-id=\"36eddd9d\" data-element_type=\"widget\" data-widget_type=\"wpr-button.default\">\n\t\t\t\t<div class=\"elementor-widget-container\">\n\t\t\t\t\t\t\n\t\t\t\n\t\t\n\t\t<div class=\"wpr-button-wrap elementor-clearfix\">\n\t\t<a class=\"wpr-button wpr-button-effect elementor-animation-grow\" data-text=\"Go\" href=\"https:\/\/api.whatsapp.com\/send?phone=573107041175&#038;text=%20Me%20interesa%20saber%20m%C3%A1s%20sobre%20los%20productos%20y%20servicios%20de%20GTC%20Corporation.\" target=\"_blank\">\n\t\t\t\n\t\t\t<span class=\"wpr-button-content\">\n\t\t\t\t\t\t\t\t\t<span class=\"wpr-button-text\">CONT\u00c1CTANOS<\/span>\n\t\t\t\t\t\t\t\t\n\t\t\t\t\t\t\t<\/span>\n\t\t<\/a>\n\n\t\t\t\t<\/div>\n\t\n\t\n\t\t\t\t\t<\/div>\n\t\t\t\t<\/div>\n\t\t\t\t\t<\/div>\n\t\t<\/div>\n\t\t\t\t\t<\/div>\n\t\t<\/section>\n\t\t\t\t<\/div>\n\t\t","protected":false},"excerpt":{"rendered":"<p>Conoce nuestros productos \u00bfQu\u00e9 esperas para llevar a tu empresaal siguiente nivel? En la era digital de hoy en d\u00eda, de ritmo acelerado, es crucial que las empresas se mantengan a la vanguardia. Una forma de hacerlo es aprovechando el poder del software y nuestros productos realizados especialmente para todas las necesidades de cualquier tipo de empresa. Conoce nuestros productos Sueco Plataforma robusta, de apoyo integral para los procesos contables (ERP), de eventos y educaci\u00f3n (B\u00e1sica, Superior y para el trabajo), de instituciones educativas y empresas de todo tipo. Sescol Lleva tu instituci\u00f3n a otro nivel con nuestra soluci\u00f3n inteligente, la \u00fanica plataforma que integra todos tus procesos acad\u00e9micos. GTC Report Plataforma para usuarios finales que permite el dise\u00f1o y construcci\u00f3n de reportes por una \u00fanica vez, los cuales pueden ser asignados de forma permanente a determinados roles de usuarios de la organizaci\u00f3n. GTC Project Plataforma robusta integrada por diferentes m\u00f3dulos la cual permite controlar las actividades de los colaboradores, gestionar y realizar seguimiento a los proyectos desde su planeaci\u00f3n, ejecuci\u00f3n y cierre. Focus Plataforma robusta, de apoyo integral para los procesos contables (ERP), de eventos y educaci\u00f3n (B\u00e1sica, Superior y para el trabajo), de instituciones educativas y empresas de todo tipo. Gen Api Es una completa suite de frameworks de desarrollo, herramientas que facilitan el desarrollo y despliegue r\u00e1pido de aplicaciones Java Internet o Enterprise que requieren ser escalables, eficientes y sofisticadas. \u00a1Aumenta tu eficiencia y ten una ventaja competitiva de la mano de GTC Corporation! CONT\u00c1CTANOS<\/p>\n","protected":false},"author":1,"featured_media":0,"parent":0,"menu_order":0,"comment_status":"closed","ping_status":"closed","template":"","meta":{"_monsterinsights_skip_tracking":false,"_monsterinsights_sitenote_active":false,"_monsterinsights_sitenote_note":"","_monsterinsights_sitenote_category":0,"site-sidebar-layout":"no-sidebar","site-content-layout":"page-builder","ast-site-content-layout":"","site-content-style":"default","site-sidebar-style":"default","ast-global-header-display":"","ast-banner-title-visibility":"","ast-main-header-display":"","ast-hfb-above-header-display":"","ast-hfb-below-header-display":"","ast-hfb-mobile-header-display":"","site-post-title":"disabled","ast-breadcrumbs-content":"","ast-featured-img":"disabled","footer-sml-layout":"","theme-transparent-header-meta":"","adv-header-id-meta":"","stick-header-meta":"","header-above-stick-meta":"","header-main-stick-meta":"","header-below-stick-meta":"","astra-migrate-meta-layouts":"","footnotes":""},"class_list":["post-1064","page","type-page","status-publish","hentry"],"_links":{"self":[{"href":"https:\/\/gtccorporation.com\/wordpress\/index.php?rest_route=\/wp\/v2\/pages\/1064","targetHints":{"allow":["GET"]}}],"collection":[{"href":"https:\/\/gtccorporation.com\/wordpress\/index.php?rest_route=\/wp\/v2\/pages"}],"about":[{"href":"https:\/\/gtccorporation.com\/wordpress\/index.php?rest_route=\/wp\/v2\/types\/page"}],"author":[{"embeddable":true,"href":"https:\/\/gtccorporation.com\/wordpress\/index.php?rest_route=\/wp\/v2\/users\/1"}],"replies":[{"embeddable":true,"href":"https:\/\/gtccorporation.com\/wordpress\/index.php?rest_route=%2Fwp%2Fv2%2Fcomments&post=1064"}],"version-history":[{"count":49,"href":"https:\/\/gtccorporation.com\/wordpress\/index.php?rest_route=\/wp\/v2\/pages\/1064\/revisions"}],"predecessor-version":[{"id":4000,"href":"https:\/\/gtccorporation.com\/wordpress\/index.php?rest_route=\/wp\/v2\/pages\/1064\/revisions\/4000"}],"wp:attachment":[{"href":"https:\/\/gtccorporation.com\/wordpress\/index.php?rest_route=%2Fwp%2Fv2%2Fmedia&parent=1064"}],"curies":[{"name":"wp","href":"https:\/\/api.w.org\/{rel}","templated":true}]}}